{"id":5030,"date":"2022-06-21T22:12:31","date_gmt":"2022-06-21T20:12:31","guid":{"rendered":"https:\/\/librum-publishers.com\/en\/librum-academy\/"},"modified":"2025-12-30T14:55:28","modified_gmt":"2025-12-30T12:55:28","slug":"librum-academy","status":"publish","type":"page","link":"https:\/\/librum-publishers.com\/en\/librum-academy\/","title":{"rendered":"LIBRUM Academy"},"content":{"rendered":"<h2>Vom Manuskript zur Publikation | Wissenschaftliches Publizieren Schritt f\u00fcr Schritt<\/h2>\n<p>Herzlich Willkommen bei LIBRUMacademy, dem Podcast von LIBRUM Publishers &amp; Editors, dem Fachverlag f\u00fcr Historische Wissenschaften.<\/p>\n<p>Bei LIBRUM academy finden Sie Videobeitr\u00e4ge zu publizistischem Grundwissen.\u00a0Es ist unser Ziel, Ihnen aufzuzeigen, wie das Verlagswesen funktioniert, wie unser Verlag arbeitet, das Verst\u00e4ndnis f\u00fcr Produktionsprozesse zu wecken und schliesslich liegt uns auch daran Ihnen Tipps zur Entlastung Ihres Publikationsbudgets zu geben.<\/p>\n<p>Wir haben f\u00fcr Sie Fachbeitr\u00e4ge und Arbeitsbeispiele aus der t\u00e4glichen Verlagspraxis zusammengestellt.<\/p>\n<p>In den nachfolgenden Videos zu den FAQ&#8217;s finden Sie folgende Inhalte:<\/p>\n<ul>\n<li>FAQ Folge 1 &#8211; BASICS:<br \/>\n<strong>Warum soll ein Verlag f\u00fcr das Publizieren beigezogen werden?<br \/>\n<\/strong><strong>Wie erkennt man, ob ein Verlag zum Publikationsthema passt?<\/p>\n<p><\/strong><\/li>\n<li>FAQ Folge 2 &#8211; PRODUKTIONSPROZESSE IM VERLAG<br \/>\n<strong>Manuskript &#8211; Lektorat &#8211; Buchgestaltung &#8211; Satz &#8211; Korrektorat &#8211; Produktionsfreigabe &#8211; Druck\/Bindung &#8211; Vertrieb &#8211; Werbung<\/p>\n<p><\/strong><\/li>\n<li>FAQ Folge 3 &#8211; OPEN ACCESS<br \/>\n<strong>Open-Content-Lizenzen &#8211; DOI &#8211;\u00a0Repositorium &#8211;\u00a0Registrierung &#8211; ORCID<\/p>\n<p><\/strong><\/li>\n<li>FAQ Folge 4 &#8211; FINANZIERUNG<br \/>\n<strong>Verlagskalkulation<\/strong> &#8211;\u00a0<strong>Fundraising<\/p>\n<p><\/strong><\/li>\n<li>LIBRUMpapers Erkl\u00e4rvide<br \/>\n<strong>Erkl\u00e4rvideo zu den Templates von LIBRUMpapers. Es spricht Prof. Dr. Thorsten Jungmann.<\/strong><\/li>\n<\/ul>\n<p>&nbsp;<\/p>\n<p><img loading=\"lazy\" decoding=\"async\" class=\"alignnone wp-image-5027\" src=\"http:\/\/librum-publishers.com\/wp-content\/uploads\/2022\/06\/LIBRUMacademy_logo-lang.jpg\" alt=\"LIBRUMacademy\" width=\"236\" height=\"38\" srcset=\"https:\/\/librum-publishers.com\/wp-content\/uploads\/2022\/06\/LIBRUMacademy_logo-lang.jpg 800w, https:\/\/librum-publishers.com\/wp-content\/uploads\/2022\/06\/LIBRUMacademy_logo-lang-260x42.jpg 260w, https:\/\/librum-publishers.com\/wp-content\/uploads\/2022\/06\/LIBRUMacademy_logo-lang-768x124.jpg 768w, https:\/\/librum-publishers.com\/wp-content\/uploads\/2022\/06\/LIBRUMacademy_logo-lang-215x35.jpg 215w, https:\/\/librum-publishers.com\/wp-content\/uploads\/2022\/06\/LIBRUMacademy_logo-lang-24x4.jpg 24w, https:\/\/librum-publishers.com\/wp-content\/uploads\/2022\/06\/LIBRUMacademy_logo-lang-36x6.jpg 36w, https:\/\/librum-publishers.com\/wp-content\/uploads\/2022\/06\/LIBRUMacademy_logo-lang-48x8.jpg 48w\" sizes=\"auto, (max-width: 236px) 100vw, 236px\" \/><\/p>\n<p>&nbsp;<\/p>\n<p><iframe loading=\"lazy\" style=\"max-width: 100%;\" title=\"YouTube video player\" src=\"https:\/\/www.youtube.com\/embed\/ioC-sWsxqsA?si=YdOr1FlEdgwRcGTx\" width=\"880\" height=\"495\" frameborder=\"0\" allowfullscreen=\"allowfullscreen\"><span style=\"display: inline-block; width: 0px; overflow: hidden; line-height: 0;\" data-mce-type=\"bookmark\" class=\"mce_SELRES_start\">\ufeff<\/span><\/iframe><\/p>\n<p>&nbsp;<\/p>\n<p><iframe loading=\"lazy\" style=\"max-width: 100%;\" title=\"YouTube video player\" src=\"https:\/\/www.youtube.com\/embed\/4kJmysQEhZI?si=NCb4C1J093rQTPaT\" width=\"880\" height=\"495\" frameborder=\"0\" allowfullscreen=\"allowfullscreen\"><span style=\"display: inline-block; width: 0px; overflow: hidden; line-height: 0;\" data-mce-type=\"bookmark\" class=\"mce_SELRES_start\">\ufeff<\/span><\/iframe><\/p>\n<p>&nbsp;<\/p>\n<p><iframe loading=\"lazy\" style=\"max-width: 100%;\" title=\"DigitaleBuchtage 2021 2\" src=\"https:\/\/www.youtube.com\/embed\/HltY33DV-j4\" width=\"880\" height=\"495\" frameborder=\"0\" allowfullscreen=\"allowfullscreen\"><\/iframe><\/p>\n<p>&nbsp;<\/p>\n<p><iframe loading=\"lazy\" style=\"max-width: 100%;\" title=\"YouTube video player\" src=\"https:\/\/www.youtube.com\/embed\/lrEEPhl0oQI?si=qGn4aet4X53VGSBM\" width=\"880\" height=\"495\" frameborder=\"0\" allowfullscreen=\"allowfullscreen\"><span style=\"display: inline-block; width: 0px; overflow: hidden; line-height: 0;\" data-mce-type=\"bookmark\" class=\"mce_SELRES_start\">\ufeff<\/span><\/iframe><\/p>\n<p>&nbsp;<\/p>\n<p><iframe loading=\"lazy\" style=\"max-width: 100%;\" title=\"YouTube video player\" src=\"https:\/\/www.youtube.com\/embed\/KYFhjvT_7k0?si=64r5mh8nemklmCSd\" width=\"880\" height=\"495\" frameborder=\"0\" allowfullscreen=\"allowfullscreen\"><span style=\"display: inline-block; width: 0px; overflow: hidden; line-height: 0;\" data-mce-type=\"bookmark\" class=\"mce_SELRES_start\">\ufeff<\/span><\/iframe><\/p>\n<p>&nbsp;<\/p>\n<p><iframe loading=\"lazy\" style=\"max-width: 100%;\" title=\"Layoutpr\u00e4sentation Magicmetamorphosis 2025\" src=\"https:\/\/www.youtube.com\/embed\/myp88LBtDqE\" width=\"880\" height=\"495\" frameborder=\"0\" allowfullscreen=\"allowfullscreen\"><\/iframe><\/p>\n<p>&nbsp;<\/p>\n<p><iframe loading=\"lazy\" style=\"max-width: 100%;\" title=\"Layoutpr\u00e4sentation Magicmetamorphosis 2025\" src=\"https:\/\/www.youtube.com\/embed\/n3o06XWsuiA?si=8hwXRwP2T2mmKtNc\" width=\"880\" height=\"495\" frameborder=\"0\" allowfullscreen=\"allowfullscreen\"><\/iframe><\/p>\n<p>&nbsp;<\/p>\n<p><iframe loading=\"lazy\" style=\"max-width: 100%;\" title=\"YouTube video player\" src=\"https:\/\/www.youtube.com\/embed\/oh_sn7Bhfvk?si=dd7zR625RN2IdZHN\" width=\"880\" height=\"495\" frameborder=\"0\" allowfullscreen=\"allowfullscreen\"><span style=\"display: inline-block; width: 0px; overflow: hidden; line-height: 0;\" data-mce-type=\"bookmark\" class=\"mce_SELRES_start\">\ufeff<\/span><\/iframe><\/p>\n<p>&nbsp;<\/p>\n<p><iframe loading=\"lazy\" style=\"max-width: 100%;\" title=\"YouTube video player\" src=\"https:\/\/www.youtube.com\/embed\/ebaaNxkVIoM?si=wSq9TU1Dc1OgByNZ\" width=\"880\" height=\"495\" frameborder=\"0\" allowfullscreen=\"allowfullscreen\"><span style=\"display: inline-block; width: 0px; overflow: hidden; line-height: 0;\" data-mce-type=\"bookmark\" class=\"mce_SELRES_start\">\ufeff<\/span><\/iframe><\/p>\n<p>&nbsp;<\/p>\n","protected":false},"excerpt":{"rendered":"<p>Vom Manuskript zur Publikation | Wissenschaftliches Publizieren Schritt f\u00fcr Schritt Herzlich Willkommen bei LIBRUMacademy, dem Podcast von LIBRUM Publishers &amp; Editors, dem Fachverlag f\u00fcr Historische Wissenschaften. Bei LIBRUM academy finden Sie Videobeitr\u00e4ge zu publizistischem Grundwissen.\u00a0Es ist unser Ziel, Ihnen aufzuzeigen, wie das Verlagswesen funktioniert, wie unser Verlag arbeitet, das Verst\u00e4ndnis f\u00fcr Produktionsprozesse zu wecken und [&hellip;]<\/p>\n","protected":false},"author":1,"featured_media":0,"parent":0,"menu_order":0,"comment_status":"closed","ping_status":"closed","template":"","meta":{"footnotes":""},"class_list":["post-5030","page","type-page","status-publish","hentry"],"acf":[],"wps_subtitle":"Vom Manuskript zur Publikation | Wissenschaftliches Publizieren Schritt f\u00fcr Schritt","_links":{"self":[{"href":"https:\/\/librum-publishers.com\/en\/wp-json\/wp\/v2\/pages\/5030","targetHints":{"allow":["GET"]}}],"collection":[{"href":"https:\/\/librum-publishers.com\/en\/wp-json\/wp\/v2\/pages"}],"about":[{"href":"https:\/\/librum-publishers.com\/en\/wp-json\/wp\/v2\/types\/page"}],"author":[{"embeddable":true,"href":"https:\/\/librum-publishers.com\/en\/wp-json\/wp\/v2\/users\/1"}],"replies":[{"embeddable":true,"href":"https:\/\/librum-publishers.com\/en\/wp-json\/wp\/v2\/comments?post=5030"}],"version-history":[{"count":31,"href":"https:\/\/librum-publishers.com\/en\/wp-json\/wp\/v2\/pages\/5030\/revisions"}],"predecessor-version":[{"id":7256,"href":"https:\/\/librum-publishers.com\/en\/wp-json\/wp\/v2\/pages\/5030\/revisions\/7256"}],"wp:attachment":[{"href":"https:\/\/librum-publishers.com\/en\/wp-json\/wp\/v2\/media?parent=5030"}],"curies":[{"name":"wp","href":"https:\/\/api.w.org\/{rel}","templated":true}]}}