{"id":1823,"date":"2017-05-25T11:39:12","date_gmt":"2017-05-25T09:39:12","guid":{"rendered":"https:\/\/librum-publishers.com\/en\/?page_id=1823"},"modified":"2017-05-31T10:32:12","modified_gmt":"2017-05-31T08:32:12","slug":"recommendations","status":"publish","type":"page","link":"https:\/\/librum-publishers.com\/en\/recommendations\/","title":{"rendered":"Recommendations"},"content":{"rendered":"<h2>Komplimente die uns gefreut haben<\/h2>\n<p>Es ist ein waghalsiges Unterfangen, heutzutage einen Fachverlag zu gr\u00fcnden. Aber die Leidenschaft und das Engagement von Dominique Oppler \u00fcberzeugen \u2013 beim Verlagsprogramm wie in der Zusammenarbeit. Mit grossem Gesp\u00fcr f\u00fcr Themen, zuverl\u00e4ssig und immer ansprechbar \u2013 Librum-B\u00fccher schreiben macht Freude: Gerne jederzeit wieder.<\/p>\n<p>Dr. M.S.<\/p>\n<p>(&#8230;) Wir haben die Zusammenarbeit mit Librum und insbesondere mit Herrn Dominique Oppler w\u00e4hrend der Lizenzverhandlungen, bei der Erarbeitung des Textes, bei der Gestaltung und dem Satz [unseres] Buches und der Vorbereitung des Verkaufs immer als sehr effizient, zielf\u00fchrend und angenehm empfunden.<\/p>\n<p>Dr. D. B.<\/p>\n<p>(&#8230;) Dank l\u00f6sungsorientierter Zusammenarbeit konnten die Anliegen und W\u00fcnsche des Autors gut in den Gestaltungs- und Produktionsprozess mit einfliessen. Trotz engem Zeitplan verlief auch das Zusammenspiel mit Lektoren und Grafikerinnen fl\u00fcssig, so dass das ansprechende Buch termingerecht in tadelloser Form erschien.<\/p>\n<p>Dr. D. K.<\/p>\n<p>(&#8230;) Ich bin beeindruckt: Keines der von mir herausgegebenen ca. 70 B\u00fccher wurde einer derart minuti\u00f6sen, auf optimale Text- und Bildqualit\u00e4t ausgerichteten Endbearbeitung unterzogen wie ihr das jetzt mit meinem Buch macht \u2013 ch\u00e2peau!<\/p>\n<p>Dr. A.R.F.<\/p>\n<p>Tr\u00e8s belle collaboration avec Librum Publishers. Je suis extr\u00eamement satisfaite par le travail professionnel, s\u00e9rieux et soign\u00e9 qui a permis l&#8217;\u00e9dition de mon travail scientifique. Je n&#8217;h\u00e9siterai pas \u00e0 refaire appel \u00e0 Librum Publishers pour d&#8217;autres projets dans l&#8217;avenir. Un grand merci.<\/p>\n<p>Dr. R.S.<\/p>\n","protected":false},"excerpt":{"rendered":"<p>Komplimente die uns gefreut haben Es ist ein waghalsiges Unterfangen, heutzutage einen Fachverlag zu gr\u00fcnden. Aber die Leidenschaft und das Engagement von Dominique Oppler \u00fcberzeugen \u2013 beim Verlagsprogramm wie in der Zusammenarbeit. Mit grossem Gesp\u00fcr f\u00fcr Themen, zuverl\u00e4ssig und immer ansprechbar \u2013 Librum-B\u00fccher schreiben macht Freude: Gerne jederzeit wieder. Dr. M.S. (&#8230;) Wir haben die [&hellip;]<\/p>\n","protected":false},"author":1,"featured_media":0,"parent":0,"menu_order":0,"comment_status":"closed","ping_status":"closed","template":"","meta":{"footnotes":""},"class_list":["post-1823","page","type-page","status-publish","hentry"],"acf":[],"wps_subtitle":"","_links":{"self":[{"href":"https:\/\/librum-publishers.com\/en\/wp-json\/wp\/v2\/pages\/1823","targetHints":{"allow":["GET"]}}],"collection":[{"href":"https:\/\/librum-publishers.com\/en\/wp-json\/wp\/v2\/pages"}],"about":[{"href":"https:\/\/librum-publishers.com\/en\/wp-json\/wp\/v2\/types\/page"}],"author":[{"embeddable":true,"href":"https:\/\/librum-publishers.com\/en\/wp-json\/wp\/v2\/users\/1"}],"replies":[{"embeddable":true,"href":"https:\/\/librum-publishers.com\/en\/wp-json\/wp\/v2\/comments?post=1823"}],"version-history":[{"count":4,"href":"https:\/\/librum-publishers.com\/en\/wp-json\/wp\/v2\/pages\/1823\/revisions"}],"predecessor-version":[{"id":1851,"href":"https:\/\/librum-publishers.com\/en\/wp-json\/wp\/v2\/pages\/1823\/revisions\/1851"}],"wp:attachment":[{"href":"https:\/\/librum-publishers.com\/en\/wp-json\/wp\/v2\/media?parent=1823"}],"curies":[{"name":"wp","href":"https:\/\/api.w.org\/{rel}","templated":true}]}}